{"id":155,"date":"2026-01-24T15:12:55","date_gmt":"2026-01-24T14:12:55","guid":{"rendered":"https:\/\/b5works.com\/?page_id=155"},"modified":"2026-03-30T22:47:21","modified_gmt":"2026-03-30T21:47:21","slug":"offering","status":"publish","type":"page","link":"https:\/\/b5works.com\/nl\/english-coaching\/offering\/","title":{"rendered":"Aanbod"},"content":{"rendered":"<div class=\"wp-block-group is-vertical is-layout-flex wp-container-core-group-is-layout-fe9cc265 wp-block-group-is-layout-flex\">\n<figure class=\"wp-block-image size-large\"><img loading=\"lazy\" decoding=\"async\" width=\"1024\" height=\"340\" src=\"https:\/\/b5works.com\/wp-content\/uploads\/2026\/03\/Banner-offering-NL.png\" alt=\"\" class=\"wp-image-903\" srcset=\"https:\/\/b5works.com\/wp-content\/uploads\/2026\/03\/Banner-offering-NL.png 1558w, https:\/\/b5works.com\/wp-content\/uploads\/2026\/03\/Banner-offering-NL-300x100.png 300w, https:\/\/b5works.com\/wp-content\/uploads\/2026\/03\/Banner-offering-NL-1024x340.png 1024w, https:\/\/b5works.com\/wp-content\/uploads\/2026\/03\/Banner-offering-NL-768x255.png 768w, https:\/\/b5works.com\/wp-content\/uploads\/2026\/03\/Banner-offering-NL-1536x511.png 1536w, https:\/\/b5works.com\/wp-content\/uploads\/2026\/03\/Banner-offering-NL-18x6.png 18w\" sizes=\"auto, (max-width: 1024px) 100vw, 1024px\" \/><\/figure>\n\n\n<h2 class=\"wp-block-post-title\">Aanbod<\/h2>\n\n\n<h3 class=\"wp-block-heading\">Kennismakingsgesprek<\/h3>\n\n\n\n<p>Tijdens een gratis eerste consult van ongeveer 30 minuten bespreken we jouw leerdoelen en bepalen we of we verder gaan. Mocht ik het gevoel hebben dat ik je niet goed kan helpen \u2014 iets wat tot nu toe slechts \u00e9\u00e9n keer is voorgekomen \u2014 dan zal ik daar eerlijk over zijn. En natuurlijk ga je alleen verder als jij je prettig voelt bij mij en bij mijn aanpak.<\/p>\n\n\n\n<h3 class=\"wp-block-heading\">Traject en planning<\/h3>\n\n\n\n<p>Het standaardpakket bestaat uit tien sessies van een uur, verspreid over maximaal tien weken. De meeste cli\u00ebnten plannen \u00e9\u00e9n of twee sessies per week. Heb je behoefte aan een intensiever traject \u2014 bijvoorbeeld ter voorbereiding op een specifieke gebeurtenis \u2014 dan is dat uiteraard ook mogelijk.<\/p>\n\n\n\n<p>De sessies worden ingepland op basis van jouw agenda en ik begrijp dat het soms nodig is een afspraak op het laatste moment te verzetten. Ik bied een premium service aan en werk slechts met een beperkt aantal cli\u00ebnten tegelijk. Daarom probeer ik flexibel te zijn waar dat nodig is, zolang we het traject afronden binnen de periode die we vooraf hebben afgesproken.<\/p>\n\n\n\n<h3 class=\"wp-block-heading\">Facturering<\/h3>\n\n\n\n<p>Ik reken \u20ac100 per sessie (excl. btw). Dit is inclusief de sessie zelf, het op maat gemaakte materiaal en de voorbereiding. Zelfs met alle AI-tools die ik tot mijn beschikking heb, vraagt een sessie van een uur minstens een half uur voorbereiding.<\/p>\n\n\n\n<p>Je ontvangt een factuur voor het overeengekomen traject rond de datum van onze eerste sessie. Betaling van deze factuur verwacht ik alleen wanneer je tevreden bent met de eerste sessie en wilt doorgaan.<\/p>\n\n\n\n<h3 class=\"wp-block-heading\">Technologie<\/h3>\n\n\n\n<p>De videogesprekken vinden meestal plaats via Microsoft Teams. Als je dat liever hebt, kunnen we ook Zoom gebruiken. Voor planning werk ik doorgaans met Microsoft-toepassingen, aangezien de meeste van mijn cli\u00ebnten hun agenda in Outlook beheren.<\/p>\n\n\n\n<p>Het B5 Works- <a href=\"https:\/\/b5works.com\/nl\/english-coaching\/client-portal\/\" type=\"page\" id=\"1648\">cli\u00ebntdashboard<\/a> is een eigen leerportaal voor cli\u00ebnten.<\/p>\n\n\n\n<button onclick=\"history.back()\" class=\"back-button\">\n  \u2190 Terug\n<\/button>\n<\/div>\n\n\n\n<div class=\"wp-block-group has-accent-2-background-color has-background has-global-padding is-layout-constrained wp-container-core-group-is-layout-de163846 wp-block-group-is-layout-constrained\" style=\"border-style:none;border-width:0px;border-top-left-radius:0px;border-top-right-radius:0px;border-bottom-left-radius:0px;border-bottom-right-radius:0px;min-height:60px;margin-top:var(--wp--preset--spacing--30);margin-bottom:var(--wp--preset--spacing--30);padding-top:0;padding-bottom:0\"><\/div>","protected":false},"excerpt":{"rendered":"<p>Initial consultation In a free initial consultation of around 30 minutes, we will discuss your learning objectives and decide whether or not to go ahead. If I feel that I cannot help you (it has happened only once so far), I will be honest about that. And of course, you will only proceed if you [&hellip;]<\/p>\n","protected":false},"author":1,"featured_media":0,"parent":123,"menu_order":0,"comment_status":"closed","ping_status":"closed","template":"","meta":{"footnotes":""},"class_list":["post-155","page","type-page","status-publish","hentry"],"yoast_head":"<!-- This site is optimized with the Yoast SEO plugin v27.4 - https:\/\/yoast.com\/product\/yoast-seo-wordpress\/ -->\n<title>Offering (package &amp; pricing) - B5 Works<\/title>\n<meta name=\"description\" content=\"One-to-one online English coaching for advanced professionals and near-native speakers. Package, Scheduling &amp; Billing.\" \/>\n<meta name=\"robots\" content=\"index, follow, max-snippet:-1, max-image-preview:large, max-video-preview:-1\" \/>\n<link rel=\"canonical\" href=\"https:\/\/b5works.com\/nl\/english-coaching\/offering\/\" \/>\n<meta property=\"og:locale\" content=\"nl_NL\" \/>\n<meta property=\"og:type\" content=\"article\" \/>\n<meta property=\"og:title\" content=\"Offering (package &amp; pricing) - B5 Works\" \/>\n<meta property=\"og:description\" content=\"One-to-one online English coaching for advanced professionals and near-native speakers. Package, Scheduling &amp; Billing.\" \/>\n<meta property=\"og:url\" content=\"https:\/\/b5works.com\/nl\/english-coaching\/offering\/\" \/>\n<meta property=\"og:site_name\" content=\"B5 Works\" \/>\n<meta property=\"article:modified_time\" content=\"2026-03-30T21:47:21+00:00\" \/>\n<meta property=\"og:image\" content=\"https:\/\/b5works.com\/wp-content\/uploads\/2026\/02\/Banner-offering.png?wsr\" \/>\n\t<meta property=\"og:image:width\" content=\"1558\" \/>\n\t<meta property=\"og:image:height\" content=\"518\" \/>\n\t<meta property=\"og:image:type\" content=\"image\/png\" \/>\n<meta name=\"twitter:card\" content=\"summary_large_image\" \/>\n<meta name=\"twitter:label1\" content=\"Geschatte leestijd\" \/>\n\t<meta name=\"twitter:data1\" content=\"2 minuten\" \/>\n<script type=\"application\/ld+json\" class=\"yoast-schema-graph\">{\"@context\":\"https:\\\/\\\/schema.org\",\"@graph\":[{\"@type\":\"WebPage\",\"@id\":\"https:\\\/\\\/b5works.com\\\/english-coaching\\\/offering\\\/\",\"url\":\"https:\\\/\\\/b5works.com\\\/english-coaching\\\/offering\\\/\",\"name\":\"Offering (package & pricing) - B5 Works\",\"isPartOf\":{\"@id\":\"https:\\\/\\\/b5works.com\\\/#website\"},\"primaryImageOfPage\":{\"@id\":\"https:\\\/\\\/b5works.com\\\/english-coaching\\\/offering\\\/#primaryimage\"},\"image\":{\"@id\":\"https:\\\/\\\/b5works.com\\\/english-coaching\\\/offering\\\/#primaryimage\"},\"thumbnailUrl\":\"https:\\\/\\\/b5works.com\\\/wp-content\\\/uploads\\\/2026\\\/02\\\/Banner-offering-1024x340.png\",\"datePublished\":\"2026-01-24T14:12:55+00:00\",\"dateModified\":\"2026-03-30T21:47:21+00:00\",\"description\":\"One-to-one online English coaching for advanced professionals and near-native speakers. Package, Scheduling & Billing.\",\"breadcrumb\":{\"@id\":\"https:\\\/\\\/b5works.com\\\/english-coaching\\\/offering\\\/#breadcrumb\"},\"inLanguage\":\"nl-NL\",\"potentialAction\":[{\"@type\":\"ReadAction\",\"target\":[\"https:\\\/\\\/b5works.com\\\/english-coaching\\\/offering\\\/\"]}]},{\"@type\":\"ImageObject\",\"inLanguage\":\"nl-NL\",\"@id\":\"https:\\\/\\\/b5works.com\\\/english-coaching\\\/offering\\\/#primaryimage\",\"url\":\"https:\\\/\\\/b5works.com\\\/wp-content\\\/uploads\\\/2026\\\/02\\\/Banner-offering-1024x340.png\",\"contentUrl\":\"https:\\\/\\\/b5works.com\\\/wp-content\\\/uploads\\\/2026\\\/02\\\/Banner-offering-1024x340.png\"},{\"@type\":\"BreadcrumbList\",\"@id\":\"https:\\\/\\\/b5works.com\\\/english-coaching\\\/offering\\\/#breadcrumb\",\"itemListElement\":[{\"@type\":\"ListItem\",\"position\":1,\"name\":\"Home\",\"item\":\"https:\\\/\\\/b5works.com\\\/\"},{\"@type\":\"ListItem\",\"position\":2,\"name\":\"English coaching\",\"item\":\"https:\\\/\\\/b5works.com\\\/\"},{\"@type\":\"ListItem\",\"position\":3,\"name\":\"Offering\"}]},{\"@type\":\"WebSite\",\"@id\":\"https:\\\/\\\/b5works.com\\\/#website\",\"url\":\"https:\\\/\\\/b5works.com\\\/\",\"name\":\"B5 Works\",\"description\":\"English for advanced learners\",\"publisher\":{\"@id\":\"https:\\\/\\\/b5works.com\\\/#organization\"},\"potentialAction\":[{\"@type\":\"SearchAction\",\"target\":{\"@type\":\"EntryPoint\",\"urlTemplate\":\"https:\\\/\\\/b5works.com\\\/?s={search_term_string}\"},\"query-input\":{\"@type\":\"PropertyValueSpecification\",\"valueRequired\":true,\"valueName\":\"search_term_string\"}}],\"inLanguage\":\"nl-NL\"},{\"@type\":\"Organization\",\"@id\":\"https:\\\/\\\/b5works.com\\\/#organization\",\"name\":\"B5 Works\",\"url\":\"https:\\\/\\\/b5works.com\\\/\",\"logo\":{\"@type\":\"ImageObject\",\"inLanguage\":\"nl-NL\",\"@id\":\"https:\\\/\\\/b5works.com\\\/#\\\/schema\\\/logo\\\/image\\\/\",\"url\":\"https:\\\/\\\/b5works.com\\\/wp-content\\\/uploads\\\/2025\\\/12\\\/cropped-220827-logo-984x984-1.png?wsr\",\"contentUrl\":\"https:\\\/\\\/b5works.com\\\/wp-content\\\/uploads\\\/2025\\\/12\\\/cropped-220827-logo-984x984-1.png?wsr\",\"width\":512,\"height\":512,\"caption\":\"B5 Works\"},\"image\":{\"@id\":\"https:\\\/\\\/b5works.com\\\/#\\\/schema\\\/logo\\\/image\\\/\"}}]}<\/script>\n<!-- \/ Yoast SEO plugin. -->","yoast_head_json":{"title":"Offering (package & pricing) - B5 Works","description":"One-to-one online English coaching for advanced professionals and near-native speakers. Package, Scheduling & Billing.","robots":{"index":"index","follow":"follow","max-snippet":"max-snippet:-1","max-image-preview":"max-image-preview:large","max-video-preview":"max-video-preview:-1"},"canonical":"https:\/\/b5works.com\/nl\/english-coaching\/offering\/","og_locale":"nl_NL","og_type":"article","og_title":"Offering (package & pricing) - B5 Works","og_description":"One-to-one online English coaching for advanced professionals and near-native speakers. Package, Scheduling & Billing.","og_url":"https:\/\/b5works.com\/nl\/english-coaching\/offering\/","og_site_name":"B5 Works","article_modified_time":"2026-03-30T21:47:21+00:00","og_image":[{"width":1558,"height":518,"url":"https:\/\/b5works.com\/wp-content\/uploads\/2026\/02\/Banner-offering.png?wsr","type":"image\/png"}],"twitter_card":"summary_large_image","twitter_misc":{"Geschatte leestijd":"2 minuten"},"schema":{"@context":"https:\/\/schema.org","@graph":[{"@type":"WebPage","@id":"https:\/\/b5works.com\/english-coaching\/offering\/","url":"https:\/\/b5works.com\/english-coaching\/offering\/","name":"Offering (package & pricing) - B5 Works","isPartOf":{"@id":"https:\/\/b5works.com\/#website"},"primaryImageOfPage":{"@id":"https:\/\/b5works.com\/english-coaching\/offering\/#primaryimage"},"image":{"@id":"https:\/\/b5works.com\/english-coaching\/offering\/#primaryimage"},"thumbnailUrl":"https:\/\/b5works.com\/wp-content\/uploads\/2026\/02\/Banner-offering-1024x340.png","datePublished":"2026-01-24T14:12:55+00:00","dateModified":"2026-03-30T21:47:21+00:00","description":"One-to-one online English coaching for advanced professionals and near-native speakers. Package, Scheduling & Billing.","breadcrumb":{"@id":"https:\/\/b5works.com\/english-coaching\/offering\/#breadcrumb"},"inLanguage":"nl-NL","potentialAction":[{"@type":"ReadAction","target":["https:\/\/b5works.com\/english-coaching\/offering\/"]}]},{"@type":"ImageObject","inLanguage":"nl-NL","@id":"https:\/\/b5works.com\/english-coaching\/offering\/#primaryimage","url":"https:\/\/b5works.com\/wp-content\/uploads\/2026\/02\/Banner-offering-1024x340.png","contentUrl":"https:\/\/b5works.com\/wp-content\/uploads\/2026\/02\/Banner-offering-1024x340.png"},{"@type":"BreadcrumbList","@id":"https:\/\/b5works.com\/english-coaching\/offering\/#breadcrumb","itemListElement":[{"@type":"ListItem","position":1,"name":"Home","item":"https:\/\/b5works.com\/"},{"@type":"ListItem","position":2,"name":"English coaching","item":"https:\/\/b5works.com\/"},{"@type":"ListItem","position":3,"name":"Offering"}]},{"@type":"WebSite","@id":"https:\/\/b5works.com\/#website","url":"https:\/\/b5works.com\/","name":"B5 Works","description":"Engels voor gevorderden","publisher":{"@id":"https:\/\/b5works.com\/#organization"},"potentialAction":[{"@type":"SearchAction","target":{"@type":"EntryPoint","urlTemplate":"https:\/\/b5works.com\/?s={search_term_string}"},"query-input":{"@type":"PropertyValueSpecification","valueRequired":true,"valueName":"search_term_string"}}],"inLanguage":"nl-NL"},{"@type":"Organization","@id":"https:\/\/b5works.com\/#organization","name":"B5 Works","url":"https:\/\/b5works.com\/","logo":{"@type":"ImageObject","inLanguage":"nl-NL","@id":"https:\/\/b5works.com\/#\/schema\/logo\/image\/","url":"https:\/\/b5works.com\/wp-content\/uploads\/2025\/12\/cropped-220827-logo-984x984-1.png?wsr","contentUrl":"https:\/\/b5works.com\/wp-content\/uploads\/2025\/12\/cropped-220827-logo-984x984-1.png?wsr","width":512,"height":512,"caption":"B5 Works"},"image":{"@id":"https:\/\/b5works.com\/#\/schema\/logo\/image\/"}}]}},"_links":{"self":[{"href":"https:\/\/b5works.com\/nl\/wp-json\/wp\/v2\/pages\/155","targetHints":{"allow":["GET"]}}],"collection":[{"href":"https:\/\/b5works.com\/nl\/wp-json\/wp\/v2\/pages"}],"about":[{"href":"https:\/\/b5works.com\/nl\/wp-json\/wp\/v2\/types\/page"}],"author":[{"embeddable":true,"href":"https:\/\/b5works.com\/nl\/wp-json\/wp\/v2\/users\/1"}],"replies":[{"embeddable":true,"href":"https:\/\/b5works.com\/nl\/wp-json\/wp\/v2\/comments?post=155"}],"version-history":[{"count":40,"href":"https:\/\/b5works.com\/nl\/wp-json\/wp\/v2\/pages\/155\/revisions"}],"predecessor-version":[{"id":1774,"href":"https:\/\/b5works.com\/nl\/wp-json\/wp\/v2\/pages\/155\/revisions\/1774"}],"up":[{"embeddable":true,"href":"https:\/\/b5works.com\/nl\/wp-json\/wp\/v2\/pages\/123"}],"wp:attachment":[{"href":"https:\/\/b5works.com\/nl\/wp-json\/wp\/v2\/media?parent=155"}],"curies":[{"name":"wp","href":"https:\/\/api.w.org\/{rel}","templated":true}]}}